{"id":36593,"date":"2025-10-14T09:25:16","date_gmt":"2025-10-14T09:25:16","guid":{"rendered":"https:\/\/permabond.com\/?page_id=36593"},"modified":"2026-01-27T10:45:39","modified_gmt":"2026-01-27T10:45:39","slug":"technische-datenblaetter","status":"publish","type":"page","link":"https:\/\/permabond.com\/de\/technische-datenblaetter\/","title":{"rendered":"Technische Datenbl\u00e4tter"},"content":{"rendered":"<p>Weitere Informationen sind bei der Abteilung Technischer Service erh\u00e4ltlich.<\/p>\n","protected":false},"excerpt":{"rendered":"<p>Weitere Informationen sind bei der Abteilung Technischer Service erh\u00e4ltlich.<\/p>\n","protected":false},"author":629,"featured_media":11855,"parent":0,"menu_order":0,"comment_status":"closed","ping_status":"closed","template":"datasheets\/td-sheets-temp.php","meta":{"_acf_changed":false,"footnotes":""},"class_list":["post-36593","page","type-page","status-publish","has-post-thumbnail","hentry"],"acf":[],"yoast_head":"<!-- This site is optimized with the Yoast SEO Premium plugin v27.2 (Yoast SEO v27.2) - https:\/\/yoast.com\/product\/yoast-seo-premium-wordpress\/ -->\n<title>Technische Datenbl\u00e4tter - Permabond<\/title>\n<meta name=\"description\" content=\"Hier sind technische Datenbl\u00e4tter f\u00fcr Permabond-Klebstoffe. Erhalten Sie die Informationen, die Sie f\u00fcr die Produktwahl brauchen.\" \/>\n<meta name=\"robots\" content=\"index, follow, max-snippet:-1, max-image-preview:large, max-video-preview:-1\" \/>\n<link rel=\"canonical\" href=\"https:\/\/permabond.com\/de\/technische-datenblaetter\/\" \/>\n<meta property=\"og:locale\" content=\"de_DE\" \/>\n<meta property=\"og:type\" content=\"article\" \/>\n<meta property=\"og:title\" content=\"Technische Datenbl\u00e4tter\" \/>\n<meta property=\"og:description\" content=\"Hier sind technische Datenbl\u00e4tter f\u00fcr Permabond-Klebstoffe. Erhalten Sie die Informationen, die Sie f\u00fcr die Produktwahl brauchen.\" \/>\n<meta property=\"og:url\" content=\"https:\/\/permabond.com\/de\/technische-datenblaetter\/\" \/>\n<meta property=\"og:site_name\" content=\"Permabond\" \/>\n<meta property=\"article:publisher\" content=\"https:\/\/www.facebook.com\/permabondEA\/\" \/>\n<meta property=\"article:modified_time\" content=\"2026-01-27T10:45:39+00:00\" \/>\n<meta property=\"og:image\" content=\"https:\/\/permabond.com\/wp-content\/uploads\/2022\/11\/Permabond-Default-1.jpg\" \/>\n\t<meta property=\"og:image:width\" content=\"450\" \/>\n\t<meta property=\"og:image:height\" content=\"250\" \/>\n\t<meta property=\"og:image:type\" content=\"image\/jpeg\" \/>\n<meta name=\"twitter:card\" content=\"summary_large_image\" \/>\n<meta name=\"twitter:site\" content=\"@PermabondEA\" \/>\n<meta name=\"twitter:label1\" content=\"Gesch\u00e4tzte Lesezeit\" \/>\n\t<meta name=\"twitter:data1\" content=\"1\u00a0Minute\" \/>\n<!-- \/ Yoast SEO Premium plugin. -->","yoast_head_json":{"title":"Technische Datenbl\u00e4tter - Permabond","description":"Hier sind technische Datenbl\u00e4tter f\u00fcr Permabond-Klebstoffe. Erhalten Sie die Informationen, die Sie f\u00fcr die Produktwahl brauchen.","robots":{"index":"index","follow":"follow","max-snippet":"max-snippet:-1","max-image-preview":"max-image-preview:large","max-video-preview":"max-video-preview:-1"},"canonical":"https:\/\/permabond.com\/de\/technische-datenblaetter\/","og_locale":"de_DE","og_type":"article","og_title":"Technische Datenbl\u00e4tter","og_description":"Hier sind technische Datenbl\u00e4tter f\u00fcr Permabond-Klebstoffe. Erhalten Sie die Informationen, die Sie f\u00fcr die Produktwahl brauchen.","og_url":"https:\/\/permabond.com\/de\/technische-datenblaetter\/","og_site_name":"Permabond","article_publisher":"https:\/\/www.facebook.com\/permabondEA\/","article_modified_time":"2026-01-27T10:45:39+00:00","og_image":[{"width":450,"height":250,"url":"https:\/\/permabond.com\/wp-content\/uploads\/2022\/11\/Permabond-Default-1.jpg","type":"image\/jpeg"}],"twitter_card":"summary_large_image","twitter_site":"@PermabondEA","twitter_misc":{"Gesch\u00e4tzte Lesezeit":"1\u00a0Minute"},"schema":{"@context":"https:\/\/schema.org","@graph":[{"@type":"WebPage","@id":"https:\/\/permabond.com\/de\/technische-datenblaetter\/","url":"https:\/\/permabond.com\/de\/technische-datenblaetter\/","name":"Technische Datenbl\u00e4tter - Permabond","isPartOf":{"@id":"https:\/\/permabond.local\/#website"},"primaryImageOfPage":{"@id":"https:\/\/permabond.com\/de\/technische-datenblaetter\/#primaryimage"},"image":{"@id":"https:\/\/permabond.com\/de\/technische-datenblaetter\/#primaryimage"},"thumbnailUrl":"https:\/\/permabond.com\/wp-content\/uploads\/2022\/11\/Permabond-Default-1.jpg","datePublished":"2025-10-14T09:25:16+00:00","dateModified":"2026-01-27T10:45:39+00:00","description":"Hier sind technische Datenbl\u00e4tter f\u00fcr Permabond-Klebstoffe. Erhalten Sie die Informationen, die Sie f\u00fcr die Produktwahl brauchen.","breadcrumb":{"@id":"https:\/\/permabond.com\/de\/technische-datenblaetter\/#breadcrumb"},"inLanguage":"de","potentialAction":[{"@type":"ReadAction","target":["https:\/\/permabond.com\/de\/technische-datenblaetter\/"]}]},{"@type":"ImageObject","inLanguage":"de","@id":"https:\/\/permabond.com\/de\/technische-datenblaetter\/#primaryimage","url":"https:\/\/permabond.com\/wp-content\/uploads\/2022\/11\/Permabond-Default-1.jpg","contentUrl":"https:\/\/permabond.com\/wp-content\/uploads\/2022\/11\/Permabond-Default-1.jpg","width":450,"height":250},{"@type":"BreadcrumbList","@id":"https:\/\/permabond.com\/de\/technische-datenblaetter\/#breadcrumb","itemListElement":[{"@type":"ListItem","position":1,"name":"Home","item":"https:\/\/permabond.local\/de\/"},{"@type":"ListItem","position":2,"name":"Technische Datenbl\u00e4tter"}]},{"@type":"WebSite","@id":"https:\/\/permabond.local\/#website","url":"https:\/\/permabond.local\/","name":"Permabond","description":"Permabond","publisher":{"@id":"https:\/\/permabond.local\/#organization"},"alternateName":"Permabond Engineering Adhesives","potentialAction":[{"@type":"SearchAction","target":{"@type":"EntryPoint","urlTemplate":"https:\/\/permabond.local\/?s={search_term_string}"},"query-input":{"@type":"PropertyValueSpecification","valueRequired":true,"valueName":"search_term_string"}}],"inLanguage":"de"},{"@type":"Organization","@id":"https:\/\/permabond.local\/#organization","name":"Permabond Engineering Adhesives","alternateName":"Permabond","url":"https:\/\/permabond.local\/","logo":{"@type":"ImageObject","inLanguage":"de","@id":"https:\/\/permabond.local\/#\/schema\/logo\/image\/","url":"https:\/\/permabond.com\/wp-content\/uploads\/2022\/09\/permabond-logo-BLUE-1.png","contentUrl":"https:\/\/permabond.com\/wp-content\/uploads\/2022\/09\/permabond-logo-BLUE-1.png","width":1371,"height":243,"caption":"Permabond Engineering Adhesives"},"image":{"@id":"https:\/\/permabond.local\/#\/schema\/logo\/image\/"},"sameAs":["https:\/\/www.facebook.com\/permabondEA\/","https:\/\/x.com\/PermabondEA","https:\/\/www.linkedin.com\/company\/permabond-engineering-adhesives"]}]}},"_links":{"self":[{"href":"https:\/\/permabond.com\/de\/wp-json\/wp\/v2\/pages\/36593","targetHints":{"allow":["GET"]}}],"collection":[{"href":"https:\/\/permabond.com\/de\/wp-json\/wp\/v2\/pages"}],"about":[{"href":"https:\/\/permabond.com\/de\/wp-json\/wp\/v2\/types\/page"}],"author":[{"embeddable":true,"href":"https:\/\/permabond.com\/de\/wp-json\/wp\/v2\/users\/629"}],"replies":[{"embeddable":true,"href":"https:\/\/permabond.com\/de\/wp-json\/wp\/v2\/comments?post=36593"}],"version-history":[{"count":1,"href":"https:\/\/permabond.com\/de\/wp-json\/wp\/v2\/pages\/36593\/revisions"}],"predecessor-version":[{"id":43108,"href":"https:\/\/permabond.com\/de\/wp-json\/wp\/v2\/pages\/36593\/revisions\/43108"}],"wp:featuredmedia":[{"embeddable":true,"href":"https:\/\/permabond.com\/de\/wp-json\/wp\/v2\/media\/11855"}],"wp:attachment":[{"href":"https:\/\/permabond.com\/de\/wp-json\/wp\/v2\/media?parent=36593"}],"curies":[{"name":"wp","href":"https:\/\/api.w.org\/{rel}","templated":true}]}}