{"id":16427,"date":"2022-09-15T10:15:08","date_gmt":"2022-09-15T10:15:08","guid":{"rendered":"https:\/\/permabond.com\/?page_id=16427"},"modified":"2025-05-13T11:07:19","modified_gmt":"2025-05-13T11:07:19","slug":"produkte","status":"publish","type":"page","link":"https:\/\/permabond.com\/de\/produkte\/","title":{"rendered":"Produkte"},"content":{"rendered":"<h1>Products<\/h1>\n<p>\t\tPermabond draws from various adhesive technologies to provide adhesive solutions for bonding, sealing, and potting applications. The product categories (adhesive technologies) are listed below. Contact us for assistance in selecting the best adhesive solution for your application.<br \/>\n\t\t\t\t\t\t\t\t\t\t\t\t\t\t\t<img fetchpriority=\"high\" decoding=\"async\" width=\"425\" height=\"340\" src=\"https:\/\/permabond.com\/wp-content\/uploads\/2022\/11\/Product_AA-2-e1725547952941.jpg\" alt=\"colles ana\u00e9robies et de produits d\u2019\u00e9tanch\u00e9it\u00e9\" \/>\t\t\t\t\t\t\t\t\t\t\t\t\t\t\t<\/p>\n<h4>Anaerobic Adhesives &#038; Sealants<\/h4>\n<p><strong>Uses:<\/strong> threadlocking, threadsealing (or pipesealing), form-in-place gasketing, retaining, bearing fit, bullet sealing, sealing weld porosities.<\/p>\n<p><strong>Cure mechanism:<\/strong> single part, cures in the presence of metal \/ absence of oxygen.<br \/>\n\t\t\t\t\t\t\t\t\t\t\t\t\t\t\t<img decoding=\"async\" width=\"2000\" height=\"1600\" src=\"https:\/\/permabond.com\/wp-content\/uploads\/2024\/09\/CA.jpg\" alt=\"\" srcset=\"https:\/\/permabond.com\/wp-content\/uploads\/2024\/09\/CA.jpg 2000w, https:\/\/permabond.com\/wp-content\/uploads\/2024\/09\/CA-300x240.jpg 300w, https:\/\/permabond.com\/wp-content\/uploads\/2024\/09\/CA-1024x819.jpg 1024w, https:\/\/permabond.com\/wp-content\/uploads\/2024\/09\/CA-768x614.jpg 768w, https:\/\/permabond.com\/wp-content\/uploads\/2024\/09\/CA-1536x1229.jpg 1536w\" sizes=\"(max-width: 2000px) 100vw, 2000px\" \/>\t\t\t\t\t\t\t\t\t\t\t\t\t\t\t<\/p>\n<h4>Cyanoacrylate Adhesives<\/h4>\n<p><strong>Uses:<\/strong> bonding rubber, plastic, metals, and wood. Ideal for small assemblies \/ fast moving production lines.<\/p>\n<p><strong>Cure mechanism:<\/strong> single part, moisture cure.<br \/>\n\t\t\t\t\t\t\t\t\t\t\t\t\t\t\t<img decoding=\"async\" width=\"2000\" height=\"1600\" src=\"https:\/\/permabond.com\/wp-content\/uploads\/2024\/09\/ET.jpg\" alt=\"\" srcset=\"https:\/\/permabond.com\/wp-content\/uploads\/2024\/09\/ET.jpg 2000w, https:\/\/permabond.com\/wp-content\/uploads\/2024\/09\/ET-300x240.jpg 300w, https:\/\/permabond.com\/wp-content\/uploads\/2024\/09\/ET-1024x819.jpg 1024w, https:\/\/permabond.com\/wp-content\/uploads\/2024\/09\/ET-768x614.jpg 768w, https:\/\/permabond.com\/wp-content\/uploads\/2024\/09\/ET-1536x1229.jpg 1536w\" sizes=\"(max-width: 2000px) 100vw, 2000px\" \/>\t\t\t\t\t\t\t\t\t\t\t\t\t\t\t<\/p>\n<h4>Two-Part Epoxy Adhesives<\/h4>\n<p><strong>Uses:<\/strong> structural bonding, potting, coating, encapsulation.<\/p>\n<p><strong>Cure mechanism:<\/strong> Two-part epoxy products require resin and hardener to be mixed. Can be cured at ambient or heated for a faster cure.<br \/>\n\t\t\t\t\t\t\t\t\t\t\t\t\t\t\t<img loading=\"lazy\" decoding=\"async\" width=\"2000\" height=\"1600\" src=\"https:\/\/permabond.com\/wp-content\/uploads\/2024\/09\/ES.jpg\" alt=\"\" srcset=\"https:\/\/permabond.com\/wp-content\/uploads\/2024\/09\/ES.jpg 2000w, https:\/\/permabond.com\/wp-content\/uploads\/2024\/09\/ES-300x240.jpg 300w, https:\/\/permabond.com\/wp-content\/uploads\/2024\/09\/ES-1024x819.jpg 1024w, https:\/\/permabond.com\/wp-content\/uploads\/2024\/09\/ES-768x614.jpg 768w, https:\/\/permabond.com\/wp-content\/uploads\/2024\/09\/ES-1536x1229.jpg 1536w\" sizes=\"(max-width: 2000px) 100vw, 2000px\" \/>\t\t\t\t\t\t\t\t\t\t\t\t\t\t\t<\/p>\n<h4>Single Part Epoxy Adhesives<\/h4>\n<p><strong>Uses:<\/strong> structural bonding, potting, coating, encapsulation<\/p>\n<p><strong>Cure mechanism:<\/strong> Single part epoxies require a high temperature heat cure (e.g. oven).<br \/>\n\t\t\t\t\t\t\t\t\t\t\t\t\t\t\t<img loading=\"lazy\" decoding=\"async\" width=\"2000\" height=\"1600\" src=\"https:\/\/permabond.com\/wp-content\/uploads\/2024\/09\/MS-MT.jpg\" alt=\"\" srcset=\"https:\/\/permabond.com\/wp-content\/uploads\/2024\/09\/MS-MT.jpg 2000w, https:\/\/permabond.com\/wp-content\/uploads\/2024\/09\/MS-MT-300x240.jpg 300w, https:\/\/permabond.com\/wp-content\/uploads\/2024\/09\/MS-MT-1024x819.jpg 1024w, https:\/\/permabond.com\/wp-content\/uploads\/2024\/09\/MS-MT-768x614.jpg 768w, https:\/\/permabond.com\/wp-content\/uploads\/2024\/09\/MS-MT-1536x1229.jpg 1536w\" sizes=\"(max-width: 2000px) 100vw, 2000px\" \/>\t\t\t\t\t\t\t\t\t\t\t\t\t\t\t<\/p>\n<h4>Modified Epoxy &#038; MS Polymer Adhesives<\/h4>\n<p><strong>Uses:<\/strong> bonding, potting, encapsulating.<\/p>\n<p><strong>Cure mechanism:<\/strong> Single component moisture cure and two component products available.<br \/>\n\t\t\t\t\t\t\t\t\t\t\t\t\t\t\t<img loading=\"lazy\" decoding=\"async\" width=\"2000\" height=\"1600\" src=\"https:\/\/permabond.com\/wp-content\/uploads\/2024\/09\/PT.jpg\" alt=\"\" srcset=\"https:\/\/permabond.com\/wp-content\/uploads\/2024\/09\/PT.jpg 2000w, https:\/\/permabond.com\/wp-content\/uploads\/2024\/09\/PT-300x240.jpg 300w, https:\/\/permabond.com\/wp-content\/uploads\/2024\/09\/PT-1024x819.jpg 1024w, https:\/\/permabond.com\/wp-content\/uploads\/2024\/09\/PT-768x614.jpg 768w, https:\/\/permabond.com\/wp-content\/uploads\/2024\/09\/PT-1536x1229.jpg 1536w\" sizes=\"(max-width: 2000px) 100vw, 2000px\" \/>\t\t\t\t\t\t\t\t\t\t\t\t\t\t\t<\/p>\n<h4>Polyurethane Adhesives<\/h4>\n<p><strong>Uses:<\/strong> bonding, potting, encapsulating.<\/p>\n<p><strong>Cure mechanism:<\/strong> Two component resin and hardener.<br \/>\n\t\t\t\t\t\t\t\t\t\t\t\t\t\t\t<img loading=\"lazy\" decoding=\"async\" width=\"2000\" height=\"1600\" src=\"https:\/\/permabond.com\/wp-content\/uploads\/2024\/09\/TA.jpg\" alt=\"\" srcset=\"https:\/\/permabond.com\/wp-content\/uploads\/2024\/09\/TA.jpg 2000w, https:\/\/permabond.com\/wp-content\/uploads\/2024\/09\/TA-300x240.jpg 300w, https:\/\/permabond.com\/wp-content\/uploads\/2024\/09\/TA-1024x819.jpg 1024w, https:\/\/permabond.com\/wp-content\/uploads\/2024\/09\/TA-768x614.jpg 768w, https:\/\/permabond.com\/wp-content\/uploads\/2024\/09\/TA-1536x1229.jpg 1536w\" sizes=\"(max-width: 2000px) 100vw, 2000px\" \/>\t\t\t\t\t\t\t\t\t\t\t\t\t\t\t<\/p>\n<h4>Structural Acrylic Adhesives<\/h4>\n<p><strong>Uses:<\/strong> structural bonding of metals, composites, plastics, glass, magnets and ferrites.<\/p>\n<p><strong>Cure mechanism:<\/strong> No-mix adhesive with initiator, bead-on-bead resin &#038; hardener, 2-part pre-mix with nozzles and single-part products available.<br \/>\n\t\t\t\t\t\t\t\t\t\t\t\t\t\t\t<img loading=\"lazy\" decoding=\"async\" width=\"2000\" height=\"1600\" src=\"https:\/\/permabond.com\/wp-content\/uploads\/2024\/09\/UV.jpg\" alt=\"\" srcset=\"https:\/\/permabond.com\/wp-content\/uploads\/2024\/09\/UV.jpg 2000w, https:\/\/permabond.com\/wp-content\/uploads\/2024\/09\/UV-300x240.jpg 300w, https:\/\/permabond.com\/wp-content\/uploads\/2024\/09\/UV-1024x819.jpg 1024w, https:\/\/permabond.com\/wp-content\/uploads\/2024\/09\/UV-768x614.jpg 768w, https:\/\/permabond.com\/wp-content\/uploads\/2024\/09\/UV-1536x1229.jpg 1536w\" sizes=\"(max-width: 2000px) 100vw, 2000px\" \/>\t\t\t\t\t\t\t\t\t\t\t\t\t\t\t<\/p>\n<h4>UV Light Adhesives<\/h4>\n<p><strong>Uses:<\/strong> bonding glass or plastic to itself or other substrates e.g. metal. Produces a clear, transparent, non-yellowing finish.<\/p>\n<p><strong>Cure mechanism:<\/strong> Single-part, cures rapidly on exposure to UV light. Some products can be cured by visible light. Dual cure products are also available (anaerobic-UV or moisture cure-UV).<\/p>\n","protected":false},"excerpt":{"rendered":"<p>Products Permabond draws from various adhesive technologies to provide adhesive solutions for bonding, sealing, and potting applications. The product categories (adhesive technologies) are listed below. Contact us for assistance in selecting the best adhesive solution for your application. Anaerobic Adhesives &#038; Sealants Uses: threadlocking, threadsealing (or pipesealing), form-in-place gasketing, retaining, bearing fit, bullet sealing, sealing [&hellip;]<\/p>\n","protected":false},"author":1,"featured_media":11855,"parent":0,"menu_order":0,"comment_status":"closed","ping_status":"closed","template":"","meta":{"_acf_changed":false,"footnotes":""},"class_list":["post-16427","page","type-page","status-publish","has-post-thumbnail","hentry"],"acf":[],"yoast_head":"<!-- This site is optimized with the Yoast SEO Premium plugin v27.4 (Yoast SEO v27.4) - https:\/\/yoast.com\/product\/yoast-seo-premium-wordpress\/ -->\n<title>Produkte - Permabond<\/title>\n<meta name=\"description\" content=\"Sehen Sie sich unser Produktsortiment an: Anaerobe, Cyanacrylate, Epoxidharze, Strukturacrylate, MS-Polymere, UV- und PU-Klebstoffe.\" \/>\n<meta name=\"robots\" content=\"index, follow, max-snippet:-1, max-image-preview:large, max-video-preview:-1\" \/>\n<link rel=\"canonical\" href=\"https:\/\/permabond.com\/de\/produkte\/\" \/>\n<meta property=\"og:locale\" content=\"de_DE\" \/>\n<meta property=\"og:type\" content=\"article\" \/>\n<meta property=\"og:title\" content=\"Produkte\" \/>\n<meta property=\"og:description\" content=\"Sehen Sie sich unser Produktsortiment an: Anaerobe, Cyanacrylate, Epoxidharze, Strukturacrylate, MS-Polymere, UV- und PU-Klebstoffe.\" \/>\n<meta property=\"og:url\" content=\"https:\/\/permabond.com\/de\/produkte\/\" \/>\n<meta property=\"og:site_name\" content=\"Permabond\" \/>\n<meta property=\"article:publisher\" content=\"https:\/\/www.facebook.com\/permabondEA\/\" \/>\n<meta property=\"article:modified_time\" content=\"2025-05-13T11:07:19+00:00\" \/>\n<meta property=\"og:image\" content=\"https:\/\/permabond.com\/wp-content\/uploads\/2022\/11\/Permabond-Default-1.jpg\" \/>\n\t<meta property=\"og:image:width\" content=\"450\" \/>\n\t<meta property=\"og:image:height\" content=\"250\" \/>\n\t<meta property=\"og:image:type\" content=\"image\/jpeg\" \/>\n<meta name=\"twitter:card\" content=\"summary_large_image\" \/>\n<meta name=\"twitter:site\" content=\"@PermabondEA\" \/>\n<meta name=\"twitter:label1\" content=\"Gesch\u00e4tzte Lesezeit\" \/>\n\t<meta name=\"twitter:data1\" content=\"7\u00a0Minuten\" \/>\n<!-- \/ Yoast SEO Premium plugin. -->","yoast_head_json":{"title":"Produkte - Permabond","description":"Sehen Sie sich unser Produktsortiment an: Anaerobe, Cyanacrylate, Epoxidharze, Strukturacrylate, MS-Polymere, UV- und PU-Klebstoffe.","robots":{"index":"index","follow":"follow","max-snippet":"max-snippet:-1","max-image-preview":"max-image-preview:large","max-video-preview":"max-video-preview:-1"},"canonical":"https:\/\/permabond.com\/de\/produkte\/","og_locale":"de_DE","og_type":"article","og_title":"Produkte","og_description":"Sehen Sie sich unser Produktsortiment an: Anaerobe, Cyanacrylate, Epoxidharze, Strukturacrylate, MS-Polymere, UV- und PU-Klebstoffe.","og_url":"https:\/\/permabond.com\/de\/produkte\/","og_site_name":"Permabond","article_publisher":"https:\/\/www.facebook.com\/permabondEA\/","article_modified_time":"2025-05-13T11:07:19+00:00","og_image":[{"width":450,"height":250,"url":"https:\/\/permabond.com\/wp-content\/uploads\/2022\/11\/Permabond-Default-1.jpg","type":"image\/jpeg"}],"twitter_card":"summary_large_image","twitter_site":"@PermabondEA","twitter_misc":{"Gesch\u00e4tzte Lesezeit":"7\u00a0Minuten"},"schema":{"@context":"https:\/\/schema.org","@graph":[{"@type":"WebPage","@id":"https:\/\/permabond.com\/de\/produkte\/","url":"https:\/\/permabond.com\/de\/produkte\/","name":"Produkte - Permabond","isPartOf":{"@id":"https:\/\/permabond.com\/de\/#website"},"primaryImageOfPage":{"@id":"https:\/\/permabond.com\/de\/produkte\/#primaryimage"},"image":{"@id":"https:\/\/permabond.com\/de\/produkte\/#primaryimage"},"thumbnailUrl":"https:\/\/permabond.com\/wp-content\/uploads\/2022\/11\/Permabond-Default-1.jpg","datePublished":"2022-09-15T10:15:08+00:00","dateModified":"2025-05-13T11:07:19+00:00","description":"Sehen Sie sich unser Produktsortiment an: Anaerobe, Cyanacrylate, Epoxidharze, Strukturacrylate, MS-Polymere, UV- und PU-Klebstoffe.","breadcrumb":{"@id":"https:\/\/permabond.com\/de\/produkte\/#breadcrumb"},"inLanguage":"de","potentialAction":[{"@type":"ReadAction","target":["https:\/\/permabond.com\/de\/produkte\/"]}]},{"@type":"ImageObject","inLanguage":"de","@id":"https:\/\/permabond.com\/de\/produkte\/#primaryimage","url":"https:\/\/permabond.com\/wp-content\/uploads\/2022\/11\/Permabond-Default-1.jpg","contentUrl":"https:\/\/permabond.com\/wp-content\/uploads\/2022\/11\/Permabond-Default-1.jpg","width":450,"height":250},{"@type":"BreadcrumbList","@id":"https:\/\/permabond.com\/de\/produkte\/#breadcrumb","itemListElement":[{"@type":"ListItem","position":1,"name":"Home","item":"https:\/\/permabond.com\/de\/"},{"@type":"ListItem","position":2,"name":"Produkte"}]},{"@type":"WebSite","@id":"https:\/\/permabond.com\/de\/#website","url":"https:\/\/permabond.com\/de\/","name":"Permabond","description":"Permabond","publisher":{"@id":"https:\/\/permabond.com\/de\/#organization"},"alternateName":"Permabond Engineering Adhesives","potentialAction":[{"@type":"SearchAction","target":{"@type":"EntryPoint","urlTemplate":"https:\/\/permabond.com\/de\/?s={search_term_string}"},"query-input":{"@type":"PropertyValueSpecification","valueRequired":true,"valueName":"search_term_string"}}],"inLanguage":"de"},{"@type":"Organization","@id":"https:\/\/permabond.com\/de\/#organization","name":"Permabond Engineering Adhesives","alternateName":"Permabond","url":"https:\/\/permabond.com\/de\/","logo":{"@type":"ImageObject","inLanguage":"de","@id":"https:\/\/permabond.com\/de\/#\/schema\/logo\/image\/","url":"https:\/\/permabond.com\/wp-content\/uploads\/2022\/09\/permabond-logo-BLUE-1.png","contentUrl":"https:\/\/permabond.com\/wp-content\/uploads\/2022\/09\/permabond-logo-BLUE-1.png","width":1371,"height":243,"caption":"Permabond Engineering Adhesives"},"image":{"@id":"https:\/\/permabond.com\/de\/#\/schema\/logo\/image\/"},"sameAs":["https:\/\/www.facebook.com\/permabondEA\/","https:\/\/x.com\/PermabondEA","https:\/\/www.linkedin.com\/company\/permabond-engineering-adhesives"]}]}},"_links":{"self":[{"href":"https:\/\/permabond.com\/de\/wp-json\/wp\/v2\/pages\/16427","targetHints":{"allow":["GET"]}}],"collection":[{"href":"https:\/\/permabond.com\/de\/wp-json\/wp\/v2\/pages"}],"about":[{"href":"https:\/\/permabond.com\/de\/wp-json\/wp\/v2\/types\/page"}],"author":[{"embeddable":true,"href":"https:\/\/permabond.com\/de\/wp-json\/wp\/v2\/users\/1"}],"replies":[{"embeddable":true,"href":"https:\/\/permabond.com\/de\/wp-json\/wp\/v2\/comments?post=16427"}],"version-history":[{"count":0,"href":"https:\/\/permabond.com\/de\/wp-json\/wp\/v2\/pages\/16427\/revisions"}],"wp:featuredmedia":[{"embeddable":true,"href":"https:\/\/permabond.com\/de\/wp-json\/wp\/v2\/media\/11855"}],"wp:attachment":[{"href":"https:\/\/permabond.com\/de\/wp-json\/wp\/v2\/media?parent=16427"}],"curies":[{"name":"wp","href":"https:\/\/api.w.org\/{rel}","templated":true}]}}